{"id":1620,"date":"2024-06-01T15:38:27","date_gmt":"2024-06-01T15:38:27","guid":{"rendered":"https:\/\/leadrogen.com\/fr\/blog\/?page_id=1620"},"modified":"2024-06-01T15:38:28","modified_gmt":"2024-06-01T15:38:28","slug":"generation-de-leads-qualifies-pour-votre-entreprise-de-renovation","status":"publish","type":"page","link":"https:\/\/leadrogen.com\/fr\/blog\/generation-de-leads-qualifies-pour-votre-entreprise-de-renovation\/","title":{"rendered":"G\u00e9n\u00e9ration de leads qualifi\u00e9s pour votre entreprise de r\u00e9novation"},"content":{"rendered":"<h2 class=\"wp-block-heading\">Attirez plus de clients potentiels et d\u00e9veloppez votre activit\u00e9 de r\u00e9novation en toute simplificit\u00e9<\/h2><p><strong>Le secteur de la r\u00e9novation est en plein essor, mais il est \u00e9galement tr\u00e8s concurrentiel.<\/strong> Pour se d\u00e9marquer et d\u00e9velopper son activit\u00e9, il est essentiel de disposer d&rsquo;un flux constant de leads qualifi\u00e9s.<\/p><div class=\"wp-block-contact-form-7-contact-form-selector\">\n<div class=\"wpcf7 no-js\" id=\"wpcf7-f1625-o1\" lang=\"fr-FR\" dir=\"ltr\">\n<div class=\"screen-reader-response\"><p role=\"status\" aria-live=\"polite\" aria-atomic=\"true\"><\/p> <ul><\/ul><\/div>\n<form action=\"\/fr\/blog\/wp-json\/wp\/v2\/pages\/1620#wpcf7-f1625-o1\" method=\"post\" class=\"wpcf7-form init\" aria-label=\"Formulaire de contact\" novalidate=\"novalidate\" data-status=\"init\">\n<div style=\"display: none;\">\n<input type=\"hidden\" name=\"_wpcf7\" value=\"1625\" \/>\n<input type=\"hidden\" name=\"_wpcf7_version\" value=\"5.9.8\" \/>\n<input type=\"hidden\" name=\"_wpcf7_locale\" value=\"fr_FR\" \/>\n<input type=\"hidden\" name=\"_wpcf7_unit_tag\" value=\"wpcf7-f1625-o1\" \/>\n<input type=\"hidden\" name=\"_wpcf7_container_post\" value=\"0\" \/>\n<input type=\"hidden\" name=\"_wpcf7_posted_data_hash\" value=\"\" \/>\n<\/div>\n<p><script charset=\"utf-8\" type=\"text\/javascript\" src=\"\/\/js.hsforms.net\/forms\/embed\/v2.js\"><\/script><br \/>\n<script>\n hbspt.forms.create({\n region: \"na1\",\n portalId: \"6565522\",\n formId: \"e96f7ca8-a792-4635-92f3-a4b240c74537\"\n });\n<\/script>\n<\/p><p style=\"display: none !important;\" class=\"akismet-fields-container\" data-prefix=\"_wpcf7_ak_\"><label>&#916;<textarea name=\"_wpcf7_ak_hp_textarea\" cols=\"45\" rows=\"8\" maxlength=\"100\"><\/textarea><\/label><input type=\"hidden\" id=\"ak_js_1\" name=\"_wpcf7_ak_js\" value=\"240\"\/><script>document.getElementById( \"ak_js_1\" ).setAttribute( \"value\", ( new Date() ).getTime() );<\/script><\/p><div class=\"wpcf7-response-output\" aria-hidden=\"true\"><\/div>\n<\/form>\n<\/div>\n<\/div><p><strong>Le secteur de la r\u00e9novation est en plein essor, mais il est \u00e9galement tr\u00e8s concurrentiel.<\/strong> Pour se d\u00e9marquer et d\u00e9velopper son activit\u00e9, il est essentiel de disposer d&rsquo;un flux constant de leads qualifi\u00e9s<\/p><p><strong>Nous travaillons avec des entreprises de r\u00e9novation de toutes tailles, du petit artisan aux grandes soci\u00e9t\u00e9s.<\/strong> Nous comprenons les d\u00e9fis sp\u00e9cifiques de votre secteur et nous pouvons vous proposer des solutions adapt\u00e9es \u00e0 vos besoins.<\/p><p><strong>Contactez-nous d\u00e8s aujourd&rsquo;hui pour une consultation gratuite et d\u00e9couvrez comment Leadrogen peut vous aider \u00e0 g\u00e9n\u00e9rer plus de leads et \u00e0 d\u00e9velopper votre activit\u00e9 de r\u00e9novation.<\/strong><\/p><p>\u00ab\u00a0<strong>Leadrogen nous a permis de doubler le nombre de leads g\u00e9n\u00e9r\u00e9s en seulement six mois.<\/strong>\u00a0\u00bb &#8211; Jean Dupont, Artisan R\u00e9novation<\/p><p>\u00ab\u00a0<strong>Nous avons \u00e9t\u00e9 tr\u00e8s impressionn\u00e9s par les r\u00e9sultats obtenus gr\u00e2ce \u00e0 Leadrogen. Ils ont su comprendre nos besoins et nous proposer une strat\u00e9gie marketing efficace.<\/strong>\u00a0\u00bb &#8211; Marie Dubois, Directrice G\u00e9n\u00e9rale, Entreprise de R\u00e9novation<\/p><p><strong>Note:<\/strong><\/p>","protected":false},"excerpt":{"rendered":"<p>Attirez plus de clients potentiels et d\u00e9veloppez votre activit\u00e9 de r\u00e9novation en toute simplificit\u00e9 Le secteur de la r\u00e9novation est en plein essor, mais il [&hellip;]<\/p>\n","protected":false},"author":1,"featured_media":0,"parent":0,"menu_order":0,"comment_status":"closed","ping_status":"closed","template":"","meta":{"_acf_changed":false,"advanced_seo_description":"","jetpack_seo_html_title":"","jetpack_seo_noindex":false,"footnotes":""},"class_list":["post-1620","page","type-page","status-publish","hentry"],"acf":[],"jetpack_sharing_enabled":true,"_links":{"self":[{"href":"https:\/\/leadrogen.com\/fr\/blog\/wp-json\/wp\/v2\/pages\/1620","targetHints":{"allow":["GET"]}}],"collection":[{"href":"https:\/\/leadrogen.com\/fr\/blog\/wp-json\/wp\/v2\/pages"}],"about":[{"href":"https:\/\/leadrogen.com\/fr\/blog\/wp-json\/wp\/v2\/types\/page"}],"author":[{"embeddable":true,"href":"https:\/\/leadrogen.com\/fr\/blog\/wp-json\/wp\/v2\/users\/1"}],"replies":[{"embeddable":true,"href":"https:\/\/leadrogen.com\/fr\/blog\/wp-json\/wp\/v2\/comments?post=1620"}],"version-history":[{"count":6,"href":"https:\/\/leadrogen.com\/fr\/blog\/wp-json\/wp\/v2\/pages\/1620\/revisions"}],"predecessor-version":[{"id":1627,"href":"https:\/\/leadrogen.com\/fr\/blog\/wp-json\/wp\/v2\/pages\/1620\/revisions\/1627"}],"wp:attachment":[{"href":"https:\/\/leadrogen.com\/fr\/blog\/wp-json\/wp\/v2\/media?parent=1620"}],"curies":[{"name":"wp","href":"https:\/\/api.w.org\/{rel}","templated":true}]}}