{"id":1629,"date":"2024-06-03T11:34:38","date_gmt":"2024-06-03T11:34:38","guid":{"rendered":"https:\/\/leadrogen.com\/fr\/blog\/?page_id=1629"},"modified":"2024-06-07T13:35:44","modified_gmt":"2024-06-07T13:35:44","slug":"pcan-subvention-obtenez-2400-pour-la-creation-dun-site-web","status":"publish","type":"page","link":"https:\/\/leadrogen.com\/fr\/blog\/pcan-subvention-obtenez-2400-pour-la-creation-dun-site-web\/","title":{"rendered":"PCAN Subvention Canada : Obtenez 2400$ pour la Cr\u00e9ation d\u2019un Site Web"},"content":{"rendered":"<h2 class=\"wp-block-heading\">PCAN Subvention: Obtenez 2400$ pour la Cr\u00e9ation d\u2019un Site Web<\/h2><h3 class=\"wp-block-heading\">Vous avez entendu parler de la subvention PCAN du gouvernement du Canada et vous \u00eates curieux.se\u2009?<\/h3><div class=\"wp-block-media-text is-stacked-on-mobile\"><figure class=\"wp-block-media-text__media\"><img loading=\"lazy\" decoding=\"async\" width=\"1000\" height=\"666\" src=\"https:\/\/leadrogen.com\/fr\/blog\/wp-content\/uploads\/2024\/02\/wepik-export-20240220130340aQ8t.jpeg\" alt=\"\" class=\"wp-image-776 size-full\" srcset=\"https:\/\/leadrogen.com\/fr\/blog\/wp-content\/uploads\/2024\/02\/wepik-export-20240220130340aQ8t.jpeg 1000w, https:\/\/leadrogen.com\/fr\/blog\/wp-content\/uploads\/2024\/02\/wepik-export-20240220130340aQ8t-300x200.jpeg 300w, https:\/\/leadrogen.com\/fr\/blog\/wp-content\/uploads\/2024\/02\/wepik-export-20240220130340aQ8t-768x511.jpeg 768w\" sizes=\"auto, (max-width: 1000px) 100vw, 1000px\" \/><\/figure><div class=\"wp-block-media-text__content\"><p><strong>2400 $ pour la cr\u00e9ation de votre site Web, \u00e7a se prend bien\u2009!<\/strong><\/p>\n\n<p>Vous voulez d\u00e9velopper vos activit\u00e9s commerciales et obtenir votre site Web \u00e0 moindres co\u00fbts (voire gratuitement)\u2009? Notre agence marketing a \u00e9t\u00e9 approuv\u00e9e par la F\u00e9d\u00e9ration des chambres de commerce du Qu\u00e9bec pour vous accompagner\u2009!<\/p>\n\n<p><strong>Attention, le programme est populaire et le PCAN-Qu\u00e9bec n\u2019offrira qu\u2019une quantit\u00e9 limit\u00e9e de subventions par ann\u00e9e.<\/strong><\/p><\/div><\/div><h3 class=\"wp-block-heading\">J&rsquo;entame le processus \ud83d\ude80<\/h3><div class=\"wp-block-media-text is-stacked-on-mobile\" style=\"grid-template-columns:35% auto\"><figure class=\"wp-block-media-text__media\"><img loading=\"lazy\" decoding=\"async\" width=\"580\" height=\"580\" src=\"https:\/\/leadrogen.com\/fr\/blog\/wp-content\/uploads\/2023\/07\/social-medias-mock-up-.jpeg\" alt=\"\" class=\"wp-image-571 size-full\" srcset=\"https:\/\/leadrogen.com\/fr\/blog\/wp-content\/uploads\/2023\/07\/social-medias-mock-up-.jpeg 580w, https:\/\/leadrogen.com\/fr\/blog\/wp-content\/uploads\/2023\/07\/social-medias-mock-up--300x300.jpeg 300w, https:\/\/leadrogen.com\/fr\/blog\/wp-content\/uploads\/2023\/07\/social-medias-mock-up--150x150.jpeg 150w\" sizes=\"auto, (max-width: 580px) 100vw, 580px\" \/><\/figure><div class=\"wp-block-media-text__content\"><h4 class=\"wp-block-heading\">\u00c9tape 1 : Le quiz<\/h4>\n\n<p>Pour acc\u00e9l\u00e9rer le processus, nous voulons d\u2019abord nous assurer que votre entreprise et que votre projet sont admissibles.<\/p>\n\n<p>Nous avons donc pr\u00e9par\u00e9 un questionnaire pour vous\u2009! Vous saurez tout de suite si vous \u00eates admissible. Vous pourrez ensuite prendre rendez-vous pour un premier appel t\u00e9l\u00e9phonique.<\/p><\/div><\/div><div class=\"wp-block-buttons is-content-justification-center is-layout-flex wp-container-core-buttons-is-layout-a89b3969 wp-block-buttons-is-layout-flex\"><div class=\"wp-block-button\"><a class=\"wp-block-button__link wp-element-button\">Tester votre \u00e9ligibilit\u00e9 \u00e0 la PCAN subvention<\/a><\/div><\/div><div class=\"wp-block-media-text has-media-on-the-right is-stacked-on-mobile\" style=\"grid-template-columns:auto 34%\"><div class=\"wp-block-media-text__content\"><h4 class=\"wp-block-heading\">\u00c9tape 2 : Un premier appel<\/h4>\n\n<p>Si vous \u00eates admissible, vous devrez prendre rendez-vous pour un premier appel t\u00e9l\u00e9phonique. Nous voulons simplement confirmer avec vous les d\u00e9marches \u00e0 suivre et v\u00e9rifier que vous \u00eates bel et bien \u00e9ligible.<\/p><\/div><figure class=\"wp-block-media-text__media\"><img loading=\"lazy\" decoding=\"async\" width=\"275\" height=\"275\" src=\"https:\/\/leadrogen.com\/fr\/blog\/wp-content\/uploads\/2023\/07\/sales-hero.jpeg\" alt=\"\" class=\"wp-image-665 size-full\" srcset=\"https:\/\/leadrogen.com\/fr\/blog\/wp-content\/uploads\/2023\/07\/sales-hero.jpeg 275w, https:\/\/leadrogen.com\/fr\/blog\/wp-content\/uploads\/2023\/07\/sales-hero-150x150.jpeg 150w\" sizes=\"auto, (max-width: 275px) 100vw, 275px\" \/><\/figure><\/div><div class=\"wp-block-media-text is-stacked-on-mobile\" style=\"grid-template-columns:42% auto\"><figure class=\"wp-block-media-text__media\"><img loading=\"lazy\" decoding=\"async\" width=\"1024\" height=\"683\" src=\"https:\/\/leadrogen.com\/fr\/blog\/wp-content\/uploads\/2024\/02\/11-1024x683.jpg\" alt=\"\" class=\"wp-image-1578 size-full\" srcset=\"https:\/\/leadrogen.com\/fr\/blog\/wp-content\/uploads\/2024\/02\/11-1024x683.jpg 1024w, https:\/\/leadrogen.com\/fr\/blog\/wp-content\/uploads\/2024\/02\/11-300x200.jpg 300w, https:\/\/leadrogen.com\/fr\/blog\/wp-content\/uploads\/2024\/02\/11-768x512.jpg 768w, https:\/\/leadrogen.com\/fr\/blog\/wp-content\/uploads\/2024\/02\/11.jpg 1306w\" sizes=\"auto, (max-width: 1024px) 100vw, 1024px\" \/><\/figure><div class=\"wp-block-media-text__content\"><h4 class=\"wp-block-heading\">\u00c9tape 3 : La pr\u00e9paration de votre demande de subvention gouvernementale<\/h4>\n\n<p>Nous prendrons ensuite rendez-vous pour une rencontre en vid\u00e9oconf\u00e9rence. Le but est de monter correctement votre demande de subvention du premier coup\u2009! Nous nous assurerons que tout y est et nous nous occuperons de l\u2019envoyer au PCAN.<\/p><\/div><\/div><div class=\"wp-block-media-text has-media-on-the-right is-stacked-on-mobile\" style=\"grid-template-columns:auto 43%\"><div class=\"wp-block-media-text__content\"><h4 class=\"wp-block-heading\">\u00c9tape 4 : Sois approuv\u00e9 et re\u00e7ois ton remboursement<\/h4>\n\n<p>\u00c0 partir d\u2019ici, nous travaillons pour vous\u2009!<\/p>\n\n<p>Nous prenons en charge toutes les d\u00e9marches avec le PCAN et nous avons l\u2019\u00e9quipe pour mener \u00e0 bien votre projet de commerce \u00e9lectronique\u2009!<\/p>\n\n<p><\/p><\/div><figure class=\"wp-block-media-text__media\"><img loading=\"lazy\" decoding=\"async\" width=\"1024\" height=\"682\" src=\"https:\/\/leadrogen.com\/fr\/blog\/wp-content\/uploads\/2024\/02\/15-1024x682.jpg\" alt=\"\" class=\"wp-image-1582 size-full\" srcset=\"https:\/\/leadrogen.com\/fr\/blog\/wp-content\/uploads\/2024\/02\/15-1024x682.jpg 1024w, https:\/\/leadrogen.com\/fr\/blog\/wp-content\/uploads\/2024\/02\/15-300x200.jpg 300w, https:\/\/leadrogen.com\/fr\/blog\/wp-content\/uploads\/2024\/02\/15-768x512.jpg 768w, https:\/\/leadrogen.com\/fr\/blog\/wp-content\/uploads\/2024\/02\/15.jpg 1027w\" sizes=\"auto, (max-width: 1024px) 100vw, 1024px\" \/><\/figure><\/div><h4 class=\"wp-block-heading\">Le programme canadien d&rsquo;adoption num\u00e9rique (PCAN) &#8211; Volet 1<\/h4><p>Pour aider les entreprises canadiennes \u00e0 rester concurrentielles dans une \u00e8re de transformation num\u00e9rique, le gouvernement du Canada a mis en place le Programme d\u2019adoption du num\u00e9rique (PCAN).<\/p><p>Le volet \u00ab\u2009D\u00e9veloppez vos activit\u00e9s commerciales en ligne\u2009\u00bb vise les petites et moyennes entreprises ayant un projet de commerce en ligne. Les entreprises admissibles re\u00e7oivent jusqu\u2019\u00e0 2400 $ pour l\u2019adoption des technologies num\u00e9riques.<\/p><p>La cr\u00e9ation d\u2019un site Web pour votre entreprise vous permettra d\u2019optimiser votre visibilit\u00e9 ainsi que votre notori\u00e9t\u00e9 pour acqu\u00e9rir plus de clients en tirant parti des occasions de commerce \u00e9lectronique\u2009!<\/p><h3 class=\"wp-block-heading\">Quels sont les crit\u00e8res d&rsquo;admissibilit\u00e9?<\/h3><p>Tous les d\u00e9tails concernant le PCAN et ses crit\u00e8res d\u2019admissibilit\u00e9 se trouvent dans le guide de subventions.<\/p><p><strong>Crit\u00e8res d&rsquo;admissibilit\u00e9 :<\/strong><\/p><ol class=\"wp-block-list\"><li><strong>Votre entreprise doit \u00eatre \u00e0 but lucratif.<\/strong><\/li>\n\n<li><strong>Vous devez \u00eatre r\u00e9sident canadien.<\/strong><\/li>\n\n<li><strong>L\u2019entreprise doit avoir au moins un.e employ\u00e9.e OU avoir eu un minimum de 30 000 $ de revenus annuels dans la derni\u00e8re ann\u00e9e fiscale.<\/strong><\/li>\n\n<li><strong>Vous devez vendre des biens et services directement \u00e0 des consommateurs.<\/strong><\/li><\/ol><h3 class=\"wp-block-heading\">Voici les principaux co\u00fbts admissibles \u00e0 la subvention de 2400$<\/h3><ol class=\"wp-block-list\"><li><strong>La cr\u00e9ation d\u2019un nouveau site Web de commerce \u00e9lectronique.<\/strong><\/li>\n\n<li><strong>L\u2019achat d\u2019outils pour votre boutique de commerce \u00e9lectronique (ajout de fonctionnalit\u00e9s ou de logiciels \u00e0 votre site pour les commandes en ligne, la gestion d\u2019inventaire, etc.).<\/strong><\/li>\n\n<li><strong>L\u2019installation d\u2019une plateforme de commerce \u00e9lectronique comme WooCommerce ou Shopify.<\/strong><\/li>\n\n<li><strong>Les co\u00fbts li\u00e9s au marketing num\u00e9rique (SEO, publicit\u00e9s, etc.)<\/strong><\/li><\/ol><h3 class=\"wp-block-heading\">Comment Leadrogen Aide les Petites Entreprises \u00e0 se D\u00e9velopper?<\/h3><p>Leadrogen se sp\u00e9cialise dans la cr\u00e9ation de strat\u00e9gies num\u00e9riques visant l\u2019expansion des entreprises sur le Web. Gr\u00e2ce \u00e0 notre \u00e9quipe compos\u00e9e d\u2019experts en d\u00e9veloppement Web, en marketing et en r\u00e9daction, nous aidons d\u00e9j\u00e0 plusieurs petites entreprises qu\u00e9b\u00e9coises \u00e0 atteindre leurs objectifs sur le Web\u2009!<\/p><p>En plus d\u2019acc\u00e9l\u00e9rer le processus de demande de subvention avec le PCAN et de la cr\u00e9ation d\u2019une plateforme de commerce \u00e9lectronique, nous vous aidons \u00e0 augmenter votre visibilit\u00e9 et vos ventes en ligne.<\/p><p><\/p>","protected":false},"excerpt":{"rendered":"<p>PCAN Subvention: Obtenez 2400$ pour la Cr\u00e9ation d\u2019un Site Web Vous avez entendu parler de la subvention PCAN du gouvernement du Canada et vous \u00eates [&hellip;]<\/p>\n","protected":false},"author":1,"featured_media":0,"parent":0,"menu_order":0,"comment_status":"closed","ping_status":"closed","template":"","meta":{"_acf_changed":false,"advanced_seo_description":"","jetpack_seo_html_title":"","jetpack_seo_noindex":false,"footnotes":""},"class_list":["post-1629","page","type-page","status-publish","hentry"],"acf":[],"jetpack_sharing_enabled":true,"_links":{"self":[{"href":"https:\/\/leadrogen.com\/fr\/blog\/wp-json\/wp\/v2\/pages\/1629","targetHints":{"allow":["GET"]}}],"collection":[{"href":"https:\/\/leadrogen.com\/fr\/blog\/wp-json\/wp\/v2\/pages"}],"about":[{"href":"https:\/\/leadrogen.com\/fr\/blog\/wp-json\/wp\/v2\/types\/page"}],"author":[{"embeddable":true,"href":"https:\/\/leadrogen.com\/fr\/blog\/wp-json\/wp\/v2\/users\/1"}],"replies":[{"embeddable":true,"href":"https:\/\/leadrogen.com\/fr\/blog\/wp-json\/wp\/v2\/comments?post=1629"}],"version-history":[{"count":11,"href":"https:\/\/leadrogen.com\/fr\/blog\/wp-json\/wp\/v2\/pages\/1629\/revisions"}],"predecessor-version":[{"id":1655,"href":"https:\/\/leadrogen.com\/fr\/blog\/wp-json\/wp\/v2\/pages\/1629\/revisions\/1655"}],"wp:attachment":[{"href":"https:\/\/leadrogen.com\/fr\/blog\/wp-json\/wp\/v2\/media?parent=1629"}],"curies":[{"name":"wp","href":"https:\/\/api.w.org\/{rel}","templated":true}]}}