{"id":528,"date":"2023-06-09T13:54:47","date_gmt":"2023-06-09T13:54:47","guid":{"rendered":"https:\/\/leadrogen.com\/fr\/blog\/?page_id=528"},"modified":"2023-08-17T13:00:05","modified_gmt":"2023-08-17T13:00:05","slug":"prenez-rdv-avec-un-expert-leadrogen","status":"publish","type":"page","link":"https:\/\/leadrogen.com\/fr\/blog\/prenez-rdv-avec-un-expert-leadrogen\/","title":{"rendered":"Consultation gratuite"},"content":{"rendered":"<div class=\"wp-block-media-text has-media-on-the-right is-stacked-on-mobile is-vertically-aligned-top\" style=\"grid-template-columns:auto 36%\"><div class=\"wp-block-media-text__content\"><h2 class=\"wp-block-heading has-text-align-left has-text-color\" style=\"color:#000000\">R\u00e9servez d\u00e8s maintenant votre consultation !<\/h2>\n\n<p>Vous \u00eates pr\u00eat \u00e0 propulser votre entreprise vers de nouveaux sommets et \u00e0 d\u00e9couvrir comment notre expertise en marketing peut vous aider \u00e0 atteindre vos objectifs ? R\u00e9servez d\u00e8s maintenant votre consultation gratuite avec notre \u00e9quipe d&rsquo;experts en marketing chez Leadrogen !<\/p><\/div><figure class=\"wp-block-media-text__media\"><img loading=\"lazy\" decoding=\"async\" width=\"580\" height=\"580\" src=\"https:\/\/leadrogen.com\/fr\/blog\/wp-content\/uploads\/2023\/05\/11-1.jpg\" alt=\"\" class=\"wp-image-454 size-full\" srcset=\"https:\/\/leadrogen.com\/fr\/blog\/wp-content\/uploads\/2023\/05\/11-1.jpg 580w, https:\/\/leadrogen.com\/fr\/blog\/wp-content\/uploads\/2023\/05\/11-1-300x300.jpg 300w, https:\/\/leadrogen.com\/fr\/blog\/wp-content\/uploads\/2023\/05\/11-1-150x150.jpg 150w\" sizes=\"auto, (max-width: 580px) 100vw, 580px\" \/><\/figure><\/div><!-- Start of Meetings Embed Script -->\n    <div class=\"meetings-iframe-container\" data-src=\"https:\/\/meetings.hubspot.com\/driss-kettani-idrissi?embed=true\"><\/div>\n    <script type=\"text\/javascript\" src=\"https:\/\/static.hsappstatic.net\/MeetingsEmbed\/ex\/MeetingsEmbedCode.js\"><\/script>\n  <!-- End of Meetings Embed Script --><h3 class=\"wp-block-heading\">Pourquoi r\u00e9server une consultation avec nous ?<\/h3><ol class=\"wp-block-list\"><li><strong>Expertise approfondie<\/strong> : Notre \u00e9quipe d&rsquo;experts en marketing poss\u00e8de une vaste exp\u00e9rience dans le domaine et ma\u00eetrise les derni\u00e8res tendances et les meilleures pratiques du marketing num\u00e9rique.<\/li>\n\n<li><strong>Analyse de votre entreprise<\/strong> : Nous prendrons le temps de comprendre votre entreprise, vos produits\/services, votre public cible et vos objectifs sp\u00e9cifiques afin de vous offrir une consultation personnalis\u00e9e.<\/li>\n\n<li><strong>Recommandations strat\u00e9giques<\/strong> : Nous vous fournirons des recommandations strat\u00e9giques sur mesure pour vous aider \u00e0 am\u00e9liorer votre pr\u00e9sence en ligne, \u00e0 g\u00e9n\u00e9rer plus de trafic qualifi\u00e9 et \u00e0 augmenter vos conversions.<\/li>\n\n<li><strong>R\u00e9ponses \u00e0 vos questions<\/strong> : Profitez de cette consultation pour poser toutes vos questions sur le marketing num\u00e9rique, la publicit\u00e9 en ligne, les r\u00e9seaux sociaux, le r\u00e9f\u00e9rencement et bien plus encore.<\/li><\/ol><h3 class=\"wp-block-heading\">Comment r\u00e9server votre consultation gratuite ?<\/h3><ol class=\"wp-block-list\"><li><strong>Remplissez le formulaire<\/strong> : Compl\u00e9tez le formulaire de r\u00e9servation ci-dessous en fournissant vos coordonn\u00e9es et en nous donnant un aper\u00e7u de vos besoins et de vos objectifs.<\/li>\n\n<li><strong>Choisissez votre cr\u00e9neau horaire<\/strong> : S\u00e9lectionnez le cr\u00e9neau horaire qui vous convient le mieux parmi les options disponibles dans notre calendrier de r\u00e9servation.<\/li>\n\n<li><strong>Confirmation de votre rendez-vous<\/strong> : Une fois votre r\u00e9servation effectu\u00e9e, vous recevrez une confirmation par e-mail avec tous les d\u00e9tails de votre rendez-vous.<\/li>\n\n<li><strong>Consultation personnalis\u00e9e<\/strong> : Lors de votre rendez-vous, notre \u00e9quipe d&rsquo;experts en marketing sera pr\u00eate \u00e0 discuter de votre entreprise, de vos d\u00e9fis et \u00e0 vous fournir des recommandations strat\u00e9giques adapt\u00e9es \u00e0 vos besoins.<\/li><\/ol><p><\/p>","protected":false},"excerpt":{"rendered":"<p>R\u00e9servez d\u00e8s maintenant votre consultation ! Vous \u00eates pr\u00eat \u00e0 propulser votre entreprise vers de nouveaux sommets et \u00e0 d\u00e9couvrir comment notre expertise en marketing [&hellip;]<\/p>\n","protected":false},"author":1,"featured_media":0,"parent":0,"menu_order":0,"comment_status":"closed","ping_status":"closed","template":"","meta":{"_acf_changed":false,"advanced_seo_description":"","jetpack_seo_html_title":"","jetpack_seo_noindex":false,"footnotes":""},"class_list":["post-528","page","type-page","status-publish","hentry"],"acf":[],"jetpack_sharing_enabled":true,"_links":{"self":[{"href":"https:\/\/leadrogen.com\/fr\/blog\/wp-json\/wp\/v2\/pages\/528","targetHints":{"allow":["GET"]}}],"collection":[{"href":"https:\/\/leadrogen.com\/fr\/blog\/wp-json\/wp\/v2\/pages"}],"about":[{"href":"https:\/\/leadrogen.com\/fr\/blog\/wp-json\/wp\/v2\/types\/page"}],"author":[{"embeddable":true,"href":"https:\/\/leadrogen.com\/fr\/blog\/wp-json\/wp\/v2\/users\/1"}],"replies":[{"embeddable":true,"href":"https:\/\/leadrogen.com\/fr\/blog\/wp-json\/wp\/v2\/comments?post=528"}],"version-history":[{"count":12,"href":"https:\/\/leadrogen.com\/fr\/blog\/wp-json\/wp\/v2\/pages\/528\/revisions"}],"predecessor-version":[{"id":672,"href":"https:\/\/leadrogen.com\/fr\/blog\/wp-json\/wp\/v2\/pages\/528\/revisions\/672"}],"wp:attachment":[{"href":"https:\/\/leadrogen.com\/fr\/blog\/wp-json\/wp\/v2\/media?parent=528"}],"curies":[{"name":"wp","href":"https:\/\/api.w.org\/{rel}","templated":true}]}}